{"id":61,"date":"2020-01-23T18:21:52","date_gmt":"2020-01-23T18:21:52","guid":{"rendered":"https:\/\/demosites.io\/marketing-agency-gb\/?page_id=61"},"modified":"2024-12-03T12:50:01","modified_gmt":"2024-12-03T11:50:01","slug":"bcd31-about-us","status":"publish","type":"page","link":"https:\/\/sicoplast.com\/index.php\/bcd31-about-us\/","title":{"rendered":"About Us"},"content":{"rendered":"\t\t<div data-elementor-type=\"wp-page\" data-elementor-id=\"61\" class=\"elementor elementor-61\">\n\t\t\t\t\t\t<section class=\"elementor-section elementor-top-section elementor-element elementor-element-2c9da135 elementor-section-full_width elementor-section-height-default elementor-section-height-default\" data-id=\"2c9da135\" data-element_type=\"section\" data-settings=\"{&quot;background_background&quot;:&quot;classic&quot;}\">\n\t\t\t\t\t\t<div class=\"elementor-container elementor-column-gap-default\">\n\t\t\t\t\t<div class=\"elementor-column elementor-col-50 elementor-top-column elementor-element elementor-element-11c00914\" data-id=\"11c00914\" data-element_type=\"column\" data-settings=\"{&quot;background_background&quot;:&quot;classic&quot;}\">\n\t\t\t<div class=\"elementor-widget-wrap elementor-element-populated\">\n\t\t\t\t\t\t\t<\/div>\n\t\t<\/div>\n\t\t\t\t<div class=\"elementor-column elementor-col-50 elementor-top-column elementor-element elementor-element-2f807a4\" data-id=\"2f807a4\" data-element_type=\"column\">\n\t\t\t<div class=\"elementor-widget-wrap elementor-element-populated\">\n\t\t\t\t\t\t<div class=\"elementor-element elementor-element-39939bc3 elementor-widget elementor-widget-elementskit-heading\" data-id=\"39939bc3\" data-element_type=\"widget\" data-widget_type=\"elementskit-heading.default\">\n\t\t\t\t<div class=\"elementor-widget-container\">\n\t\t\t\t\t<div class=\"ekit-wid-con\" ><div class=\"ekit-heading elementskit-section-title-wraper    ekit_heading_tablet-   ekit_heading_mobile-\"><h3 class=\"elementskit-section-subtitle  \">\n\t\t\t\t\t\tSICOPLAST\n\t\t\t\t\t<\/h3><h2 class=\"ekit-heading--title elementskit-section-title \">L'expertise plastique au service de votre confort.<\/h2><\/div><\/div>\t\t\t\t<\/div>\n\t\t\t\t<\/div>\n\t\t\t\t<div class=\"elementor-element elementor-element-23005457 elementor-widget elementor-widget-text-editor\" data-id=\"23005457\" data-element_type=\"widget\" data-widget_type=\"text-editor.default\">\n\t\t\t\t<div class=\"elementor-widget-container\">\n\t\t\t\t\t\t\t\t\t<p data-pm-slice=\"1 1 []\">SICOPLAST\u00a0s\u2019impose aujourd\u2019hui comme un leader dans le secteur des conduites et tuyaux plastiques, gr\u00e2ce \u00e0 une expertise approfondie et une infrastructure moderne. Avec une \u00e9quipe qualifi\u00e9e et des \u00e9quipements de pointe, l\u2019entreprise est capable de produire une large gamme de tuyaux plastiques adapt\u00e9s aux besoins vari\u00e9s des clients.<\/p>\t\t\t\t\t\t\t\t<\/div>\n\t\t\t\t<\/div>\n\t\t\t\t\t<\/div>\n\t\t<\/div>\n\t\t\t\t\t<\/div>\n\t\t<\/section>\n\t\t\t\t<section class=\"elementor-section elementor-top-section elementor-element elementor-element-665227c8 elementor-section-full_width elementor-section-height-default elementor-section-height-default elementor-invisible\" data-id=\"665227c8\" data-element_type=\"section\" data-settings=\"{&quot;background_background&quot;:&quot;classic&quot;,&quot;animation&quot;:&quot;fadeInUp&quot;}\">\n\t\t\t\t\t\t<div class=\"elementor-container elementor-column-gap-default\">\n\t\t\t\t\t<div class=\"elementor-column elementor-col-50 elementor-top-column elementor-element elementor-element-16c5ccb8\" data-id=\"16c5ccb8\" data-element_type=\"column\">\n\t\t\t<div class=\"elementor-widget-wrap elementor-element-populated\">\n\t\t\t\t\t\t<div class=\"elementor-element elementor-element-56b7cca8 elementor-widget elementor-widget-text-editor\" data-id=\"56b7cca8\" data-element_type=\"widget\" data-widget_type=\"text-editor.default\">\n\t\t\t\t<div class=\"elementor-widget-container\">\n\t\t\t\t\t\t\t\t\t<p data-pm-slice=\"1 1 []\">L\u2019innovation et la qualit\u00e9 sont au c\u0153ur de la strat\u00e9gie de SICOPLAST. L\u2019entreprise investit continuellement dans la recherche et le d\u00e9veloppement pour offrir des produits performants et respectueux de l\u2019environnement. Avec une vision ax\u00e9e sur la satisfaction client et le d\u00e9veloppement durable, SICOPLAST s\u2019attache \u00e0 fournir des solutions plastiques fiables qui r\u00e9pondent aux standards internationaux.<\/p>\t\t\t\t\t\t\t\t<\/div>\n\t\t\t\t<\/div>\n\t\t\t\t<div class=\"elementor-element elementor-element-65c6f514 elementor-widget elementor-widget-elementskit-button\" data-id=\"65c6f514\" data-element_type=\"widget\" data-widget_type=\"elementskit-button.default\">\n\t\t\t\t<div class=\"elementor-widget-container\">\n\t\t\t\t\t<div class=\"ekit-wid-con\" >\t\t<div class=\"ekit-btn-wraper\">\n\t\t\t\t\t\t\t<a href=\"#\" class=\"elementskit-btn  whitespace--normal\" id=\"\">\n\t\t\t\t\tContact\t\t\t\t<\/a>\n\t\t\t\t\t<\/div>\n        <\/div>\t\t\t\t<\/div>\n\t\t\t\t<\/div>\n\t\t\t\t\t<\/div>\n\t\t<\/div>\n\t\t\t\t<div class=\"elementor-column elementor-col-50 elementor-top-column elementor-element elementor-element-4fe06d7a\" data-id=\"4fe06d7a\" data-element_type=\"column\" data-settings=\"{&quot;background_background&quot;:&quot;classic&quot;}\">\n\t\t\t<div class=\"elementor-widget-wrap elementor-element-populated\">\n\t\t\t\t\t\t\t<\/div>\n\t\t<\/div>\n\t\t\t\t\t<\/div>\n\t\t<\/section>\n\t\t\t\t<\/div>\n\t\t","protected":false},"excerpt":{"rendered":"<p>SICOPLAST L&rsquo;expertise plastique au service de votre confort. SICOPLAST\u00a0s\u2019impose aujourd\u2019hui comme un leader dans le secteur des conduites et tuyaux plastiques, gr\u00e2ce \u00e0 une expertise approfondie et une infrastructure moderne. Avec une \u00e9quipe qualifi\u00e9e et des \u00e9quipements de pointe, l\u2019entreprise est capable de produire une large gamme de tuyaux plastiques adapt\u00e9s aux besoins vari\u00e9s des [&hellip;]<\/p>\n","protected":false},"author":1,"featured_media":0,"parent":0,"menu_order":0,"comment_status":"closed","ping_status":"closed","template":"elementor_header_footer","meta":{"_themeisle_gutenberg_block_has_review":false,"footnotes":""},"class_list":["post-61","page","type-page","status-publish","hentry"],"_links":{"self":[{"href":"https:\/\/sicoplast.com\/index.php\/wp-json\/wp\/v2\/pages\/61","targetHints":{"allow":["GET"]}}],"collection":[{"href":"https:\/\/sicoplast.com\/index.php\/wp-json\/wp\/v2\/pages"}],"about":[{"href":"https:\/\/sicoplast.com\/index.php\/wp-json\/wp\/v2\/types\/page"}],"author":[{"embeddable":true,"href":"https:\/\/sicoplast.com\/index.php\/wp-json\/wp\/v2\/users\/1"}],"replies":[{"embeddable":true,"href":"https:\/\/sicoplast.com\/index.php\/wp-json\/wp\/v2\/comments?post=61"}],"version-history":[{"count":14,"href":"https:\/\/sicoplast.com\/index.php\/wp-json\/wp\/v2\/pages\/61\/revisions"}],"predecessor-version":[{"id":1416,"href":"https:\/\/sicoplast.com\/index.php\/wp-json\/wp\/v2\/pages\/61\/revisions\/1416"}],"wp:attachment":[{"href":"https:\/\/sicoplast.com\/index.php\/wp-json\/wp\/v2\/media?parent=61"}],"curies":[{"name":"wp","href":"https:\/\/api.w.org\/{rel}","templated":true}]}}